{"id":28,"date":"2025-02-20T08:38:08","date_gmt":"2025-02-20T08:38:08","guid":{"rendered":"https:\/\/woodlandstudio.no\/?page_id=28"},"modified":"2025-03-07T09:05:16","modified_gmt":"2025-03-07T09:05:16","slug":"om-meg","status":"publish","type":"page","link":"https:\/\/woodlandstudio.no\/?page_id=28","title":{"rendered":"Om meg:"},"content":{"rendered":"\n<p><\/p>\n\n\n\n<div class=\"wp-block-media-text has-media-on-the-right is-stacked-on-mobile is-vertically-aligned-top is-image-fill-element\" style=\"grid-template-columns:auto 28%\"><div class=\"wp-block-media-text__content\">\n<p class=\"has-text-align-left\" style=\"border-radius:0px;font-size:clamp(15.197px, 0.95rem + ((1vw - 3.2px) * 0.813), 23px);\"><strong>Musiker<\/strong><\/p>\n\n\n\n<p class=\"has-text-align-left\" style=\"border-radius:0px;font-size:clamp(14px, 0.875rem + ((1vw - 3.2px) * 0.417), 18px);\">Jeg har 35 \u00e5rs erfaring som musiker og spiller gitar, bass, dobro og tangenter.Har gitt ut tre album og tre singler med mitt duo-prosjekt S\u00f8nnavind, og i tillegg v\u00e6rt involvert i et ti-talls andre utgivelser med andre artister. Jeg har bl.a. spilt med Stephen Ackles, Liz Tove Vespestad, Signe Marie Rustad og Frode Johansen. Jeg spiller ogs\u00e5 dobro og synger i Hemmb\u00f8ttin Bluegrass.<\/p>\n<\/div><figure class=\"wp-block-media-text__media\"><img loading=\"lazy\" decoding=\"async\" width=\"900\" height=\"1350\" src=\"https:\/\/woodlandstudio.no\/wp-content\/uploads\/2025\/02\/trond_gitar.jpg\" alt=\"\" class=\"wp-image-29 size-full\" style=\"object-position:51% 16%\" srcset=\"https:\/\/woodlandstudio.no\/wp-content\/uploads\/2025\/02\/trond_gitar.jpg 900w, https:\/\/woodlandstudio.no\/wp-content\/uploads\/2025\/02\/trond_gitar-200x300.jpg 200w, https:\/\/woodlandstudio.no\/wp-content\/uploads\/2025\/02\/trond_gitar-683x1024.jpg 683w, https:\/\/woodlandstudio.no\/wp-content\/uploads\/2025\/02\/trond_gitar-768x1152.jpg 768w\" sizes=\"auto, (max-width: 900px) 100vw, 900px\" \/><\/figure><\/div>\n\n\n\n<div class=\"wp-block-media-text has-media-on-the-right is-stacked-on-mobile\" style=\"grid-template-columns:auto 28%\"><div class=\"wp-block-media-text__content\">\n<p class=\"has-medium-font-size\"><strong>Videoproduksjon<\/strong><\/p>\n\n\n\n<p>Jeg har jobbet som freelancer innen TV-produksjon siden 2007, hovedsaklig som klipper, men ogs\u00e5 som fotograf og regiss\u00f8r. Har jobbet for NRK, TV2, TVNorge, samt de fleste st\u00f8rre produksjonsselskapene i Norge. Jeg har klippet bl.a. The Voice, 71 grader nord, Sinnasnekker`n, 4-stjerners middag, Love Island og mange andre kjente TV-programmer.<\/p>\n<\/div><figure class=\"wp-block-media-text__media\"><img loading=\"lazy\" decoding=\"async\" width=\"960\" height=\"960\" src=\"https:\/\/woodlandstudio.no\/wp-content\/uploads\/2025\/02\/trond-i-syden.jpg\" alt=\"\" class=\"wp-image-35 size-full\" srcset=\"https:\/\/woodlandstudio.no\/wp-content\/uploads\/2025\/02\/trond-i-syden.jpg 960w, https:\/\/woodlandstudio.no\/wp-content\/uploads\/2025\/02\/trond-i-syden-300x300.jpg 300w, https:\/\/woodlandstudio.no\/wp-content\/uploads\/2025\/02\/trond-i-syden-150x150.jpg 150w, https:\/\/woodlandstudio.no\/wp-content\/uploads\/2025\/02\/trond-i-syden-768x768.jpg 768w\" sizes=\"auto, (max-width: 960px) 100vw, 960px\" \/><\/figure><\/div>\n","protected":false},"excerpt":{"rendered":"<p>Musiker Jeg har 35 \u00e5rs erfaring som musiker og spiller gitar, bass, dobro og tangenter.Har gitt ut tre album og tre singler med mitt duo-prosjekt S\u00f8nnavind, og i tillegg v\u00e6rt involvert i et ti-talls andre utgivelser med andre artister. Jeg har bl.a. spilt med Stephen Ackles, Liz Tove Vespestad, Signe Marie Rustad og Frode Johansen. [&hellip;]<\/p>\n","protected":false},"author":1,"featured_media":0,"parent":0,"menu_order":0,"comment_status":"closed","ping_status":"closed","template":"","meta":{"footnotes":""},"class_list":["post-28","page","type-page","status-publish","hentry"],"_links":{"self":[{"href":"https:\/\/woodlandstudio.no\/index.php?rest_route=\/wp\/v2\/pages\/28","targetHints":{"allow":["GET"]}}],"collection":[{"href":"https:\/\/woodlandstudio.no\/index.php?rest_route=\/wp\/v2\/pages"}],"about":[{"href":"https:\/\/woodlandstudio.no\/index.php?rest_route=\/wp\/v2\/types\/page"}],"author":[{"embeddable":true,"href":"https:\/\/woodlandstudio.no\/index.php?rest_route=\/wp\/v2\/users\/1"}],"replies":[{"embeddable":true,"href":"https:\/\/woodlandstudio.no\/index.php?rest_route=%2Fwp%2Fv2%2Fcomments&post=28"}],"version-history":[{"count":7,"href":"https:\/\/woodlandstudio.no\/index.php?rest_route=\/wp\/v2\/pages\/28\/revisions"}],"predecessor-version":[{"id":41,"href":"https:\/\/woodlandstudio.no\/index.php?rest_route=\/wp\/v2\/pages\/28\/revisions\/41"}],"wp:attachment":[{"href":"https:\/\/woodlandstudio.no\/index.php?rest_route=%2Fwp%2Fv2%2Fmedia&parent=28"}],"curies":[{"name":"wp","href":"https:\/\/api.w.org\/{rel}","templated":true}]}}